{"id":17,"date":"2020-03-05T13:05:21","date_gmt":"2020-03-05T13:05:21","guid":{"rendered":"https:\/\/croinop.pravo.unizg.hr\/?page_id=17"},"modified":"2020-03-08T16:16:21","modified_gmt":"2020-03-08T16:16:21","slug":"about-project","status":"publish","type":"page","link":"https:\/\/croinop.pravo.unizg.hr\/?page_id=17","title":{"rendered":"Projekt"},"content":{"rendered":"<div class=\"post-content\">\n<p><\/p>\n\n\n\n<h2 class=\"wp-block-heading\">Ciljevi projekta<\/h2>\n\n\n\n<p class=\"has-background has-very-light-gray-background-color\">Projekt CroINOP je osmi\u0161ljen kroz realizaciju \u0161est temeljnih ciljeva. Prvo (O1.) kroz uspostavljanje, razvoj i unaprje\u0111enje CroINOP-a, zatim (O2.) kroz osmi\u0161ljavanje i razradu strategije razvoja predmeta i opsega istra\u017eivanja, tre\u0107i (O3.) cilj bi bila primjena CroINOP-a u praksi putem savjetovanja osu\u0111enika koji imaju osnove za obnovu postupka temeljem naknadne DNK analize te postupanje kroz anga\u017eman pru\u017eatelja intelektualnih usluga (odvjetnika). Temeljem istra\u017eivanja i podataka do kojih se do\u0161lo uspostavila bi se (O4. cilj) CroINOP baza koja bi razvijala i unaprje\u0111ivala. Sve podatke analiziralo bi se (O5. cilj) te bi rezultati bili temelj za stjecanje novih znanja i predlaganje novih rje\u0161enja, \u0161to ujedno i predstavlja \u0161esti (O6.) cilj, predstaviti rezultate projekta.<\/p>\n\n\n\n<h2 class=\"wp-block-heading\">O\u010dekivani rezultati projekta <\/h2>\n\n\n\n<p class=\"has-background has-very-light-gray-background-color\">Projektom se namjeravaju ispuniti ciljevi temeljnog i primijenjenog istra\u017eivanja&nbsp;<em>(v. metodologiju istra\u017eivanja)<\/em>, u smislu uvo\u0111enja \u2013 testnog modela projekta nedu\u017enosti u Hrvatskoj. Projekti nedu\u017enosti omogu\u0107uju osu\u0111enicima preispitivanje predmeta radi utvr\u0111ivanja nedu\u017enosti. Jedna od klju\u010dnih metoda je provo\u0111enje naknadnog vje\u0161ta\u010denja DNK, \u0161to bi se zainteresiranim osu\u0111enicima omogu\u0107ilo ovim projektom. &#8216;Projekti nedu\u017enosti&#8217; imaju i utjecaj na pravosudni sustav u smislu ispravljanja pogre\u0161aka osloba\u0111anjem nedu\u017enih osoba i pronala\u017eenjem stvarnih po\u010dinitelja. Temeljna ideja je pomo\u0107i osobama koje su osu\u0111ene, a nedu\u017ene su, i to \u010dinjeni\u010dno nedu\u017ene, ne zato \u0161to je u postupku do\u0161lo do povrede njihovih postupovnih prava. U\u010dinci primijenjenog istra\u017eivanja biti \u0107e ponajprije bili vezani za postupanje u takvim predmetima, jer bi se osiguravanjem stalnog modela omogu\u0107ilo osu\u0111enicima ostvarivanje prava na obnovu postupka i u situacijama u kojima nemaju za to financijskih mogu\u0107nosti. Ideja je da &#8216;projektima nedu\u017enosti&#8217; imaju pristup svi osu\u0111enici, za koje se poka\u017ee osnovana sumnja da su nedu\u017eni osu\u0111eni. Vrlo va\u017ean u\u010dinak CroINOP-a biti \u0107e i publiciranje ste\u010denih znanja putem znanstvenih radova u \u010dasopisima A1 kategorizacije. Prema radnom planu imalo bi ih se napisati najmanje osam. Tako\u0111er, je zami\u0161ljeno da se CroINOP-om uspostavi baza podataka (A4.1.) o predmetima u kojima bi do\u0161lo do obnove, ali i drugih va\u017enih podataka. Jedan od va\u017enih u\u010dinaka bila bi i izrada smjernica za postupanje u takvim slu\u010dajevima. Smjernice bi sadr\u017eavale i obrasce za podno\u0161enje zahtjeva, za \u0161to se pretpostavlja da bi imalo zna\u010dajan u\u010dinak na dosada\u0161nju praksu u takvim slu\u010dajevima.&nbsp;<\/p>\n<\/div>","protected":false},"excerpt":{"rendered":"<p>Ciljevi projekta Projekt CroINOP je osmi\u0161ljen kroz realizaciju \u0161est temeljnih<a href=\"https:\/\/croinop.pravo.unizg.hr\/?page_id=17\">Read More<i class=\"fa fa-long-arrow-right\" aria-hidden=\"true\"><\/i><\/a><\/p>\n","protected":false},"author":2,"featured_media":0,"parent":2,"menu_order":0,"comment_status":"closed","ping_status":"closed","template":"","meta":{"footnotes":""},"rise-blocks_excerpt":"Ciljevi projekta Projekt CroINOP je osmi\u0161ljen kroz realizaciju \u0161est temeljnih ciljeva. Prvo (O1.) kroz uspostavljanje, razvoj i unaprje\u0111enje CroINOP-a, zatim (O2.) kroz osmi\u0161ljavanje i razradu strategije razvoja predmeta i opsega istra\u017eivanja, tre\u0107i (O3.) cilj bi bila primjena CroINOP-a u praksi putem savjetovanja osu\u0111enika koji imaju osnove za obnovu postupka temeljem naknadne DNK analize te postupanje kroz anga\u017eman pru\u017eatelja intelektualnih usluga..","_links":{"self":[{"href":"https:\/\/croinop.pravo.unizg.hr\/index.php?rest_route=\/wp\/v2\/pages\/17"}],"collection":[{"href":"https:\/\/croinop.pravo.unizg.hr\/index.php?rest_route=\/wp\/v2\/pages"}],"about":[{"href":"https:\/\/croinop.pravo.unizg.hr\/index.php?rest_route=\/wp\/v2\/types\/page"}],"author":[{"embeddable":true,"href":"https:\/\/croinop.pravo.unizg.hr\/index.php?rest_route=\/wp\/v2\/users\/2"}],"replies":[{"embeddable":true,"href":"https:\/\/croinop.pravo.unizg.hr\/index.php?rest_route=%2Fwp%2Fv2%2Fcomments&post=17"}],"version-history":[{"count":17,"href":"https:\/\/croinop.pravo.unizg.hr\/index.php?rest_route=\/wp\/v2\/pages\/17\/revisions"}],"predecessor-version":[{"id":331,"href":"https:\/\/croinop.pravo.unizg.hr\/index.php?rest_route=\/wp\/v2\/pages\/17\/revisions\/331"}],"up":[{"embeddable":true,"href":"https:\/\/croinop.pravo.unizg.hr\/index.php?rest_route=\/wp\/v2\/pages\/2"}],"wp:attachment":[{"href":"https:\/\/croinop.pravo.unizg.hr\/index.php?rest_route=%2Fwp%2Fv2%2Fmedia&parent=17"}],"curies":[{"name":"wp","href":"https:\/\/api.w.org\/{rel}","templated":true}]}}